{"id":2195,"date":"2014-12-10T10:43:54","date_gmt":"2014-12-10T10:43:54","guid":{"rendered":"http:\/\/www.werkhaus.com\/leistungen\/?lang=en"},"modified":"2016-01-30T21:05:33","modified_gmt":"2016-01-30T20:05:33","slug":"services","status":"publish","type":"page","link":"https:\/\/www.werkhaus.com\/en\/services\/","title":{"rendered":"Services"},"content":{"rendered":"<h1 style=\"text-align: center;\">Services<\/h1>\n<h2 style=\"text-align: center;\">Bauleistungen &#8211; Planungsleistungen<\/h2>\n<p>&nbsp;<\/p>\n<p style=\"text-align: center;\">WerkHaus erbringt Bauleistungen f\u00fcr Wohnen und Gewerbe ebenso wie Planungsleistungen f\u00fcr Geb\u00e4ude, raumbildenden Ausbau, Freianlagen und Siedlungsbau. Wir setzen damit die Voraussetzung auch sehr komplexe Bauaufgaben in organisatorischer zeitlicher Einheit technisch, wirtschaftlich und k\u00fcnstlerisch professionell zu realisieren.<\/p>\n","protected":false},"excerpt":{"rendered":"<p>Services Bauleistungen &#8211; Planungsleistungen &nbsp; WerkHaus erbringt Bauleistungen f\u00fcr Wohnen und Gewerbe ebenso wie Planungsleistungen f\u00fcr Geb\u00e4ude, raumbildenden Ausbau, Freianlagen und Siedlungsbau. Wir setzen damit die Voraussetzung auch sehr komplexe Bauaufgaben in organisatorischer zeitlicher Einheit technisch, wirtschaftlich und k\u00fcnstlerisch professionell zu realisieren.<\/p>\n","protected":false},"author":1,"featured_media":0,"parent":0,"menu_order":0,"comment_status":"closed","ping_status":"closed","template":"","meta":{"_acf_changed":false,"footnotes":""},"class_list":["post-2195","page","type-page","status-publish","hentry","no-page-header"],"acf":[],"_links":{"self":[{"href":"https:\/\/www.werkhaus.com\/en\/wp-json\/wp\/v2\/pages\/2195","targetHints":{"allow":["GET"]}}],"collection":[{"href":"https:\/\/www.werkhaus.com\/en\/wp-json\/wp\/v2\/pages"}],"about":[{"href":"https:\/\/www.werkhaus.com\/en\/wp-json\/wp\/v2\/types\/page"}],"author":[{"embeddable":true,"href":"https:\/\/www.werkhaus.com\/en\/wp-json\/wp\/v2\/users\/1"}],"replies":[{"embeddable":true,"href":"https:\/\/www.werkhaus.com\/en\/wp-json\/wp\/v2\/comments?post=2195"}],"version-history":[{"count":3,"href":"https:\/\/www.werkhaus.com\/en\/wp-json\/wp\/v2\/pages\/2195\/revisions"}],"predecessor-version":[{"id":2218,"href":"https:\/\/www.werkhaus.com\/en\/wp-json\/wp\/v2\/pages\/2195\/revisions\/2218"}],"wp:attachment":[{"href":"https:\/\/www.werkhaus.com\/en\/wp-json\/wp\/v2\/media?parent=2195"}],"curies":[{"name":"wp","href":"https:\/\/api.w.org\/{rel}","templated":true}]}}