{"id":1946,"date":"2015-10-19T15:31:34","date_gmt":"2015-10-19T13:31:34","guid":{"rendered":"http:\/\/www.werkhaus.com\/atelierhaus\/?lang=en"},"modified":"2025-12-14T14:04:32","modified_gmt":"2025-12-14T13:04:32","slug":"atelierhaus","status":"publish","type":"page","link":"https:\/\/www.werkhaus.com\/en\/atelierhaus\/","title":{"rendered":"Atelierhaus"},"content":{"rendered":"<h1 style=\"text-align: center;\">Bauen<\/h1>\n<h2 style=\"text-align: center;\">Das Atelierhaus<\/h2>\n<p>&nbsp;<\/p>\n<p style=\"text-align: center;\">Bei diesen Projekten \u2013 f\u00fcr die unsere Standardpreisliste g\u00fcltig ist &#8211; planen wir Ihr Haus in &#8220;Ganzer Freiheit&#8221; ohne Festlegung auf vorgegebene Geometriema\u00dfe, Achsanzahlen, Geb\u00e4ude- oder Dachformen. Hier ist jedes Ma\u00df und jeder Bauk\u00f6rper in beliebiger Gr\u00f6\u00dfe und Komplexit\u00e4t m\u00f6glich.<\/p>\n<p style=\"text-align: center;\">Hier erf\u00fcllen wir auf der Grundlage unserer Skelettkonstruktion h\u00f6chste technische und architektonische Anspr\u00fcche im Entwurf der Wohnhausgrundrisse, der Geb\u00e4udetechnik und des raumbildenden Ausbaus. Jedes Haus ist ein solit\u00e4res Architektenwerk mit eigens, f\u00fcr die individuelle Situation entwickelten Detaill\u00f6sungen.<\/p>\n<div class=\"separator\">\n<h3 style=\"text-align: center;\">Exemplarische Atelierprojekte<\/h3>\n<\/div>\n<div class=\"flex-box\">\n<div class=\"flex-item\"><img loading=\"lazy\" decoding=\"async\" class=\"wp-image-1575 size-full\" src=\"https:\/\/www.werkhaus.com\/wp-content\/uploads\/2015\/11\/1_traube_lr.jpg\" alt=\"\" width=\"1600\" height=\"1523\" srcset=\"https:\/\/www.werkhaus.com\/wp-content\/uploads\/2015\/11\/1_traube_lr.jpg 1600w, https:\/\/www.werkhaus.com\/wp-content\/uploads\/2015\/11\/1_traube_lr-300x286.jpg 300w, https:\/\/www.werkhaus.com\/wp-content\/uploads\/2015\/11\/1_traube_lr-1024x975.jpg 1024w, https:\/\/www.werkhaus.com\/wp-content\/uploads\/2015\/11\/1_traube_lr-1200x1142.jpg 1200w, https:\/\/www.werkhaus.com\/wp-content\/uploads\/2015\/11\/1_traube_lr-800x762.jpg 800w, https:\/\/www.werkhaus.com\/wp-content\/uploads\/2015\/11\/1_traube_lr-385x366.jpg 385w, https:\/\/www.werkhaus.com\/wp-content\/uploads\/2015\/11\/1_traube_lr-400x381.jpg 400w\" sizes=\"auto, (max-width: 1600px) 100vw, 1600px\" \/><\/div>\n<div class=\"flex-item\">WOHNHAUS-TRAUBE<br \/>\nVillenprojekt bestehend aus drei Bauk\u00f6rpern mit unterschiedlichen Dachformen in dynamisch r\u00e4umlicher Gruppierung:<br \/>\n&#8211; zentrales Wohnhaus mit Satteldach mit EG und Laterne<br \/>\n&#8211; B\u00fcro- und G\u00e4stehaus mit Zeltdach mit EG und Laterne<br \/>\n&#8211; Schlaftrakt mit Walmdach EG<\/p>\n<p>Die drei Geb\u00e4ude sind im EG \u00fcber Zwischentrakte miteinander verbunden. Sie bilden ein nach Westen offenes Atrium mit einem Au\u00dfenschwimmbad.<br \/>\n&nbsp;\n<\/p><\/div>\n<\/div>\n<div class=\"flex-box\">\n<div class=\"flex-item\"><img loading=\"lazy\" decoding=\"async\" class=\"wp-image-1576 size-full\" src=\"https:\/\/www.werkhaus.com\/wp-content\/uploads\/2015\/11\/2_h_formsatteld_lr.jpg\" alt=\"\" width=\"1600\" height=\"1523\" srcset=\"https:\/\/www.werkhaus.com\/wp-content\/uploads\/2015\/11\/2_h_formsatteld_lr.jpg 1600w, https:\/\/www.werkhaus.com\/wp-content\/uploads\/2015\/11\/2_h_formsatteld_lr-300x286.jpg 300w, https:\/\/www.werkhaus.com\/wp-content\/uploads\/2015\/11\/2_h_formsatteld_lr-1024x975.jpg 1024w, https:\/\/www.werkhaus.com\/wp-content\/uploads\/2015\/11\/2_h_formsatteld_lr-1200x1142.jpg 1200w, https:\/\/www.werkhaus.com\/wp-content\/uploads\/2015\/11\/2_h_formsatteld_lr-800x762.jpg 800w, https:\/\/www.werkhaus.com\/wp-content\/uploads\/2015\/11\/2_h_formsatteld_lr-385x366.jpg 385w, https:\/\/www.werkhaus.com\/wp-content\/uploads\/2015\/11\/2_h_formsatteld_lr-400x381.jpg 400w\" sizes=\"auto, (max-width: 1600px) 100vw, 1600px\" \/><\/div>\n<div class=\"flex-item\">H-FORM SATTELDACHHAUS<br \/>\nAtelierhaus in H-Form aus verschr\u00e4nkten Satteld\u00e4chern mit Eingangshalle im Querfl\u00fcgel und atriumartigen H\u00f6fen in Norden und S\u00fcden. Beide H\u00f6fe werden zus\u00e4tzlich im EG jeweils auf drei Seiten durch gedeckte kreuzgangartige Umg\u00e4nge erg\u00e4nzt.<br \/>\n&nbsp;\n<\/div>\n<\/div>\n<div class=\"flex-box\">\n<div class=\"flex-item\"><img loading=\"lazy\" decoding=\"async\" class=\"wp-image-1577 size-full\" src=\"https:\/\/www.werkhaus.com\/wp-content\/uploads\/2015\/11\/3_h_form_pergola_lr.jpg\" alt=\"\" width=\"1600\" height=\"1523\" srcset=\"https:\/\/www.werkhaus.com\/wp-content\/uploads\/2015\/11\/3_h_form_pergola_lr.jpg 1600w, https:\/\/www.werkhaus.com\/wp-content\/uploads\/2015\/11\/3_h_form_pergola_lr-300x286.jpg 300w, https:\/\/www.werkhaus.com\/wp-content\/uploads\/2015\/11\/3_h_form_pergola_lr-1024x975.jpg 1024w, https:\/\/www.werkhaus.com\/wp-content\/uploads\/2015\/11\/3_h_form_pergola_lr-1200x1142.jpg 1200w, https:\/\/www.werkhaus.com\/wp-content\/uploads\/2015\/11\/3_h_form_pergola_lr-800x762.jpg 800w, https:\/\/www.werkhaus.com\/wp-content\/uploads\/2015\/11\/3_h_form_pergola_lr-385x366.jpg 385w, https:\/\/www.werkhaus.com\/wp-content\/uploads\/2015\/11\/3_h_form_pergola_lr-400x381.jpg 400w\" sizes=\"auto, (max-width: 1600px) 100vw, 1600px\" \/><\/div>\n<div class=\"flex-item\">H-FORM PERGOLAHAUS<br \/>\nFlachdach-Villenkomplex mit der Kombination von zwei schlanken, stark zueinander verschobenen Geb\u00e4udefl\u00fcgeln, verbunden durch eine zentrale \u00fcber zwei Geschosse reichende Eingangshalle und \u00fcber zwei ebenfalls zweigeschosshohe, pergolaartig \u00fcberdachte Loggien im Eingangs- und Gartenbereich.<br \/>\n&nbsp;\n<\/div>\n<\/div>\n","protected":false},"excerpt":{"rendered":"<p>Bauen Das Atelierhaus &nbsp; Bei diesen Projekten \u2013 f\u00fcr die unsere Standardpreisliste g\u00fcltig ist &#8211; planen wir Ihr Haus in &#8220;Ganzer Freiheit&#8221; ohne Festlegung auf vorgegebene Geometriema\u00dfe, Achsanzahlen, Geb\u00e4ude- oder Dachformen. Hier ist jedes Ma\u00df und jeder Bauk\u00f6rper in beliebiger Gr\u00f6\u00dfe und Komplexit\u00e4t m\u00f6glich. Hier erf\u00fcllen wir auf der Grundlage unserer Skelettkonstruktion h\u00f6chste technische und..<\/p>\n","protected":false},"author":1,"featured_media":0,"parent":0,"menu_order":0,"comment_status":"closed","ping_status":"closed","template":"","meta":{"_acf_changed":false,"footnotes":""},"class_list":["post-1946","page","type-page","status-publish","hentry"],"acf":[],"_links":{"self":[{"href":"https:\/\/www.werkhaus.com\/en\/wp-json\/wp\/v2\/pages\/1946","targetHints":{"allow":["GET"]}}],"collection":[{"href":"https:\/\/www.werkhaus.com\/en\/wp-json\/wp\/v2\/pages"}],"about":[{"href":"https:\/\/www.werkhaus.com\/en\/wp-json\/wp\/v2\/types\/page"}],"author":[{"embeddable":true,"href":"https:\/\/www.werkhaus.com\/en\/wp-json\/wp\/v2\/users\/1"}],"replies":[{"embeddable":true,"href":"https:\/\/www.werkhaus.com\/en\/wp-json\/wp\/v2\/comments?post=1946"}],"version-history":[{"count":6,"href":"https:\/\/www.werkhaus.com\/en\/wp-json\/wp\/v2\/pages\/1946\/revisions"}],"predecessor-version":[{"id":2746,"href":"https:\/\/www.werkhaus.com\/en\/wp-json\/wp\/v2\/pages\/1946\/revisions\/2746"}],"wp:attachment":[{"href":"https:\/\/www.werkhaus.com\/en\/wp-json\/wp\/v2\/media?parent=1946"}],"curies":[{"name":"wp","href":"https:\/\/api.w.org\/{rel}","templated":true}]}}