{"id":1988,"date":"2015-10-19T20:10:15","date_gmt":"2015-10-19T18:10:15","guid":{"rendered":"http:\/\/www.werkhaus.com\/?page_id=1988&#038;lang=en"},"modified":"2025-12-14T14:12:32","modified_gmt":"2025-12-14T13:12:32","slug":"innenarchitektur","status":"publish","type":"page","link":"http:\/\/www.werkhaus.com\/en\/innenarchitektur\/","title":{"rendered":"Innenarchitektur"},"content":{"rendered":"<h1 style=\"text-align: center;\">Planen<\/h1>\n<h2 style=\"text-align: center;\">Innenarchitektur<\/h2>\n<p>&nbsp;<br \/>\n&nbsp;<br \/>\n<img loading=\"lazy\" decoding=\"async\" class=\"alignnone size-full wp-image-1261\" src=\"https:\/\/www.werkhaus.com\/wp-content\/uploads\/2015\/10\/lapl_innenarch_drilling_lr.jpg\" alt=\"LaPL_InnenArch_Drilling_LR\" width=\"1600\" height=\"866\" srcset=\"http:\/\/www.werkhaus.com\/wp-content\/uploads\/2015\/10\/lapl_innenarch_drilling_lr.jpg 1600w, http:\/\/www.werkhaus.com\/wp-content\/uploads\/2015\/10\/lapl_innenarch_drilling_lr-300x162.jpg 300w, http:\/\/www.werkhaus.com\/wp-content\/uploads\/2015\/10\/lapl_innenarch_drilling_lr-1024x554.jpg 1024w, http:\/\/www.werkhaus.com\/wp-content\/uploads\/2015\/10\/lapl_innenarch_drilling_lr-1200x650.jpg 1200w, http:\/\/www.werkhaus.com\/wp-content\/uploads\/2015\/10\/lapl_innenarch_drilling_lr-800x433.jpg 800w, http:\/\/www.werkhaus.com\/wp-content\/uploads\/2015\/10\/lapl_innenarch_drilling_lr-385x208.jpg 385w, http:\/\/www.werkhaus.com\/wp-content\/uploads\/2015\/10\/lapl_innenarch_drilling_lr-400x217.jpg 400w\" sizes=\"auto, (max-width: 1600px) 100vw, 1600px\" \/><br \/>\n&nbsp;<\/p>\n<div class=\"twocolumn\">\n<p>Unsere sinnlich unmittelbar wahrnehmbare Fachwerkarchitektur bietet vielf\u00e4ltige Chancen r\u00e4umlicher Differenzierung. Mit ihrer ablesbaren Decken- und Bodengeometrie wie auch durch die klare geometrische Ordnung der W\u00e4nde und Fassaden entfaltet sie eine sehr strukturierende Wirkung. Damit bietet sie bei hoher Anforderung besondere Chancen bei der Planung des weiterf\u00fchrenden Ausbaus.<\/p>\n<p>Mit zunehmenden Verst\u00e4ndnis dieser Zusammenh\u00e4nge haben wir im Lauf der Jahre entsprechende Gestaltungsregeln erarbeitet und eine Vielzahl von Objekten des `Raumbildenden Ausbaus` entwickelt. Unsere Innenarchitekten erbringen deshalb auf Wunsch unserer Bauherrn Planungsleistungen f\u00fcr solche Objekte wie folgt:<\/p>\n<p>&nbsp;<\/p>\n<p>Stahlbauteile<br \/>Treppen, Br\u00fccken, Galerien, Gel\u00e4nder, Kamine usw.<\/p>\n<p>Steinmetzprojekte<br \/>Wand- und Bodenbel\u00e4ge, Objekte der Badausstattung<\/p>\n<p>M\u00f6belprojekte<br \/>Einbauschr\u00e4nke und solit\u00e4re, individuelle M\u00f6belst\u00fccke<\/p>\n<p>Lichtprojekte<br \/>Beleuchtungskonzepte, Beratung bei der Auswahl der Leuchten, Entwicklung von Beleuchtungs-K\u00f6rpern usw.<\/p>\n<p>Dekorationen<br \/>Beratung bei der Auswahl von Vorhangsystemen, Sitzm\u00f6beln, Kunstgegenst\u00e4nden usw.<\/p>\n<\/div>\n<div class=\"separator\">\n<h3>Galerie<\/h3>\n<\/div>\n","protected":false},"excerpt":{"rendered":"<p>Planen Innenarchitektur &nbsp; &nbsp; &nbsp; Unsere sinnlich unmittelbar wahrnehmbare Fachwerkarchitektur bietet vielf\u00e4ltige Chancen r\u00e4umlicher Differenzierung. Mit ihrer ablesbaren Decken- und Bodengeometrie wie auch durch die klare geometrische Ordnung der W\u00e4nde und Fassaden entfaltet sie eine sehr strukturierende Wirkung. Damit bietet sie bei hoher Anforderung besondere Chancen bei der Planung des weiterf\u00fchrenden Ausbaus. Mit zunehmenden Verst\u00e4ndnis..<\/p>\n","protected":false},"author":1,"featured_media":0,"parent":0,"menu_order":0,"comment_status":"closed","ping_status":"closed","template":"","meta":{"_acf_changed":false,"footnotes":""},"class_list":["post-1988","page","type-page","status-publish","hentry"],"acf":[],"_links":{"self":[{"href":"http:\/\/www.werkhaus.com\/en\/wp-json\/wp\/v2\/pages\/1988","targetHints":{"allow":["GET"]}}],"collection":[{"href":"http:\/\/www.werkhaus.com\/en\/wp-json\/wp\/v2\/pages"}],"about":[{"href":"http:\/\/www.werkhaus.com\/en\/wp-json\/wp\/v2\/types\/page"}],"author":[{"embeddable":true,"href":"http:\/\/www.werkhaus.com\/en\/wp-json\/wp\/v2\/users\/1"}],"replies":[{"embeddable":true,"href":"http:\/\/www.werkhaus.com\/en\/wp-json\/wp\/v2\/comments?post=1988"}],"version-history":[{"count":9,"href":"http:\/\/www.werkhaus.com\/en\/wp-json\/wp\/v2\/pages\/1988\/revisions"}],"predecessor-version":[{"id":2754,"href":"http:\/\/www.werkhaus.com\/en\/wp-json\/wp\/v2\/pages\/1988\/revisions\/2754"}],"wp:attachment":[{"href":"http:\/\/www.werkhaus.com\/en\/wp-json\/wp\/v2\/media?parent=1988"}],"curies":[{"name":"wp","href":"https:\/\/api.w.org\/{rel}","templated":true}]}}