{"id":1971,"date":"2015-10-19T20:28:57","date_gmt":"2015-10-19T18:28:57","guid":{"rendered":"http:\/\/www.werkhaus.com\/freianlagen\/?lang=en"},"modified":"2026-01-28T10:25:53","modified_gmt":"2026-01-28T09:25:53","slug":"freianlagen","status":"publish","type":"page","link":"http:\/\/www.werkhaus.com\/en\/freianlagen\/","title":{"rendered":"Freianlagen"},"content":{"rendered":"<h1 style=\"text-align: center;\">Planen<\/h1>\n<h2 style=\"text-align: center;\">Freianlagen<\/h2>\n<p>&nbsp;<br \/>\n<img loading=\"lazy\" decoding=\"async\" class=\"alignnone size-full wp-image-1274\" src=\"https:\/\/www.werkhaus.com\/wp-content\/uploads\/2015\/10\/lapl_freianl_drilling_lr.jpg\" alt=\"LaPL_Freianl_Drilling_LR\" width=\"1600\" height=\"866\" srcset=\"http:\/\/www.werkhaus.com\/wp-content\/uploads\/2015\/10\/lapl_freianl_drilling_lr.jpg 1600w, http:\/\/www.werkhaus.com\/wp-content\/uploads\/2015\/10\/lapl_freianl_drilling_lr-300x162.jpg 300w, http:\/\/www.werkhaus.com\/wp-content\/uploads\/2015\/10\/lapl_freianl_drilling_lr-1024x554.jpg 1024w, http:\/\/www.werkhaus.com\/wp-content\/uploads\/2015\/10\/lapl_freianl_drilling_lr-1200x650.jpg 1200w, http:\/\/www.werkhaus.com\/wp-content\/uploads\/2015\/10\/lapl_freianl_drilling_lr-800x433.jpg 800w, http:\/\/www.werkhaus.com\/wp-content\/uploads\/2015\/10\/lapl_freianl_drilling_lr-385x208.jpg 385w, http:\/\/www.werkhaus.com\/wp-content\/uploads\/2015\/10\/lapl_freianl_drilling_lr-400x217.jpg 400w\" sizes=\"auto, (max-width: 1600px) 100vw, 1600px\" \/><\/p>\n<div class=\"twocolumn\">\n<p>In den vielen Jahren unserer Arbeit als Architekten erhielt das Thema der Freianlagen in Verbindung mit unseren Bauten eine immer gr\u00f6\u00dfere Bedeutung.<br \/>\nDies ist zum einen begr\u00fcndet durch die spezifischen Bedingungen unserer Skelettarchitektur, die eine besondere Sorgfalt bei der Planung von Garten- und Au\u00dfenr\u00e4umen fordern, zum anderen aber vor allem auch durch die erstaunlichen Chancen, die in der Verbindung von gro\u00dfz\u00fcgig verglasten Bauten und r\u00e4umlich gestalteten G\u00e4rten liegen.<\/p>\n<p>Ein wichtiges Ereignis war in dieser Zeit unsere ma\u00dfgebliche Beteiligung an der Entwurfsplanung der Parkanlage eines Kurortes auf \u00fcber 26 ha Land. Eine besondere W\u00fcrdigung erfuhr unser Projekt `Haus mit H\u00f6fen` durch einen umfangreichen redaktionellen Bericht in der Zeitschrift `H\u00e4user`, Heft 06\/03 mit dem Titel: `Diesseits von Eden` siehe hierzu NEWS `Reportage H\u00e4user`.<\/p>\n<p>Inzwischen ist es f\u00fcr uns selbstverst\u00e4ndlich, da\u00df wir f\u00fcr unsere Bauten \u2013 von Beginn des Entwurfsprozesses an \u2013 Wohnhaus und Garten funktional und r\u00e4umlich als Einheit entwickeln.<br \/>\nWichtige Orientierung sind dabei japanische G\u00e4rten ebenso wie die europ\u00e4ische Gartenkunst der Vergangenheit und der Moderne. Unsere Projekte zeigen, welch erstaunlich intensive Verbindung von Haus und Garten bei einem klugen Umgang mit dem zur Verf\u00fcgung stehenden Raum bei planerischer Disziplin und Phantasie m\u00f6glich ist.<\/p>\n<p>Unsere Gartenarchitekten haben mit Blick auf die besonderen Bedingungen unserer Bauten eigene Gestaltungsregeln formuliert und hierzu im Lauf der Jahre eine Vielzahl von Objekten der Freianlagen entwickelt. Diese stellen wir unseren Bauherren f\u00fcr die r\u00e4umliche Ausformung ihrer G\u00e4rten wie folgt zur Verf\u00fcgung:<\/p>\n<ul class=\"blank\">\n<li>Eingangstore<\/li>\n<li>Eingangsh\u00e4uschen<\/li>\n<li>Z\u00e4une<\/li>\n<li>Leichtbau \u2013 Sichtschutzw\u00e4nde<\/li>\n<li>Lichtw\u00e4nde<\/li>\n<li>St\u00fctzw\u00e4nde<\/li>\n<li>Br\u00fccken<\/li>\n<li>Holzterrassen<\/li>\n<li>Pergolen<\/li>\n<li>Stege<\/li>\n<li>Schwimmb\u00e4der<\/li>\n<li>Brunnenanlagen usw.<\/li>\n<\/ul>\n<p>Bei neuen Projekten und individuellen Anforderungen entwickeln wir laufend neue zus\u00e4tzliche Bauteile. Die diesen Text begleitenden Bilder zeigen die intensive r\u00e4umliche Wirkung dieser Objekte am Tag und in der Nacht.<\/p>\n<\/div>\n<div class=\"separator\">\n<h3>Galerie<\/h3>\n<\/div>\n","protected":false},"excerpt":{"rendered":"<p>Planen Freianlagen &nbsp; In den vielen Jahren unserer Arbeit als Architekten erhielt das Thema der Freianlagen in Verbindung mit unseren Bauten eine immer gr\u00f6\u00dfere Bedeutung. Dies ist zum einen begr\u00fcndet durch die spezifischen Bedingungen unserer Skelettarchitektur, die eine besondere Sorgfalt bei der Planung von Garten- und Au\u00dfenr\u00e4umen fordern, zum anderen aber vor allem auch durch..<\/p>\n","protected":false},"author":1,"featured_media":0,"parent":0,"menu_order":0,"comment_status":"closed","ping_status":"closed","template":"","meta":{"_acf_changed":false,"footnotes":""},"class_list":["post-1971","page","type-page","status-publish","hentry"],"acf":[],"_links":{"self":[{"href":"http:\/\/www.werkhaus.com\/en\/wp-json\/wp\/v2\/pages\/1971","targetHints":{"allow":["GET"]}}],"collection":[{"href":"http:\/\/www.werkhaus.com\/en\/wp-json\/wp\/v2\/pages"}],"about":[{"href":"http:\/\/www.werkhaus.com\/en\/wp-json\/wp\/v2\/types\/page"}],"author":[{"embeddable":true,"href":"http:\/\/www.werkhaus.com\/en\/wp-json\/wp\/v2\/users\/1"}],"replies":[{"embeddable":true,"href":"http:\/\/www.werkhaus.com\/en\/wp-json\/wp\/v2\/comments?post=1971"}],"version-history":[{"count":11,"href":"http:\/\/www.werkhaus.com\/en\/wp-json\/wp\/v2\/pages\/1971\/revisions"}],"predecessor-version":[{"id":2788,"href":"http:\/\/www.werkhaus.com\/en\/wp-json\/wp\/v2\/pages\/1971\/revisions\/2788"}],"wp:attachment":[{"href":"http:\/\/www.werkhaus.com\/en\/wp-json\/wp\/v2\/media?parent=1971"}],"curies":[{"name":"wp","href":"https:\/\/api.w.org\/{rel}","templated":true}]}}